{"id":2,"date":"2016-05-10T03:48:21","date_gmt":"2016-05-10T03:48:21","guid":{"rendered":"https:\/\/bytesharing.com\/?page_id=2"},"modified":"2026-04-11T21:01:39","modified_gmt":"2026-04-11T21:01:39","slug":"sample-page","status":"publish","type":"page","link":"https:\/\/bytesharing.com\/?page_id=2","title":{"rendered":"\u00bfQui\u00e9n?"},"content":{"rendered":"\n<h3 class=\"wp-block-heading has-text-align-center\">&nbsp;<img loading=\"lazy\" decoding=\"async\" width=\"800\" height=\"533\" class=\"wp-image-148\" style=\"width: 800px;\" src=\"https:\/\/bytesharing.com\/wp-content\/uploads\/2025\/09\/Copilot_20250924_190419.png\" alt=\"\" srcset=\"https:\/\/bytesharing.com\/wp-content\/uploads\/2025\/09\/Copilot_20250924_190419.png 1536w, https:\/\/bytesharing.com\/wp-content\/uploads\/2025\/09\/Copilot_20250924_190419-300x200.png 300w, https:\/\/bytesharing.com\/wp-content\/uploads\/2025\/09\/Copilot_20250924_190419-1024x683.png 1024w, https:\/\/bytesharing.com\/wp-content\/uploads\/2025\/09\/Copilot_20250924_190419-768x512.png 768w\" sizes=\"auto, (max-width: 800px) 100vw, 800px\" \/><\/h3>\n\n\n\n<div class=\"wp-block-columns is-layout-flex wp-container-core-columns-is-layout-9d6595d7 wp-block-columns-is-layout-flex\">\n<div class=\"wp-block-column is-layout-flow wp-block-column-is-layout-flow\"><\/div>\n<\/div>\n\n\n\n<h3 class=\"wp-block-heading has-text-align-left\"><strong>\u00bfQui\u00e9n est\u00e1 detr\u00e1s de todo esto?<\/strong><\/h3>\n\n\n\n<blockquote class=\"wp-block-quote is-layout-flow wp-block-quote-is-layout-flow\">\n<p>Tengo unos cuantos a\u00f1os ya (c\u00f3mo pod\u00e9is ver en mi imagen &#8211; por cierto, tomada este verano pero algo transformada con Inteligencia Artificial).&nbsp;<\/p>\n\n\n\n<p>Procedo de un barrio humilde, de una ciudad humilde, en un pa\u00eds que casi nunca lo ha sido. Crec\u00ed con suerte en una familia que luch\u00f3 por superar el d\u00eda a d\u00eda, sin la ayuda de nadie, con trabajo y esfuerzo de verdad. <\/p>\n\n\n\n<p>En mi infancia, por cuestiones que no vienen al caso, pude rodearme de recursos (libros, informaci\u00f3n, m\u00fasica, &#8230;) que me permiten tener una visi\u00f3n \u00abdistinta\u00bb de las cosas, no intoxicada por corrientes pol\u00edticas, posiciones extremistas\/ut\u00f3picas, modas recurrentes o por ansias de riqueza, poder y\/o c\u00e1nones de belleza. Vamos, lo que viene siendo \u00ab<strong>una opini\u00f3n \u00edntegra y hol\u00edstica<\/strong>\u00ab.&nbsp;<\/p>\n<\/blockquote>\n\n\n\n<h3 class=\"wp-block-heading\"><strong>\u00bfY qu\u00e9 perfil tengo?<\/strong><\/h3>\n\n\n\n<blockquote class=\"wp-block-quote is-layout-flow wp-block-quote-is-layout-flow\">\n<p>Que atroz pregunta. Pero vamos a intentar responderla&#8230;<\/p>\n\n\n\n<p><strong>Personal<\/strong><\/p>\n\n\n\n<p>Lo ir\u00e9is descubriendo a trav\u00e9s de las historias y de los art\u00edculos en la secci\u00f3n \u00ab\u00bfQu\u00e9 demonios est\u00e1 sucediendo?\u00bb. Pero lo t\u00edpico, cuando muera, seguro que alguien dir\u00e1 \u00abuna buena persona y amigo de sus amigos\u00bb. O eso espero.<\/p>\n\n\n\n<p><strong>Profesional<\/strong><\/p>\n\n\n\n<p>Soy Ingeniero Inform\u00e1tico (los ingenieros de verdad, nos repudiaban en nuestros a\u00f1os dorados, ahora ya lo toleran m\u00e1s) y M\u00e1ster en Direcci\u00f3n Econ\u00f3mico-Financiera<\/p>\n\n\n\n<p>En mis primeros 7 a\u00f1os de trabajo, lo hice feliz (la mayor parte del tiempo) en una \u00abanormal por la \u00e9poca\u00bb empresa que jugueteaba en los inicios de la Inteligencia artificial.<\/p>\n\n\n\n<p>Y luego me fui \u00abmodelando\u00bb al ser abducido por una Corporaci\u00f3n centrada en el poder del dinero, en salvaguardarlo, dominarlo y, esot\u00e9ricamente, capaz de multiplicarlo sin realmente aportar nada m\u00e1s y nada menos que \u00abgesti\u00f3n activa del capital\u00bb. Sigo empecinado en querer entender, a la vez que transformar, mejorar, eficientar y robustecer procesos y servicios, con un m\u00e1s que redomado s\u00edndrome de Estocolmo.<\/p>\n\n\n\n<p>As\u00ed que rodeado de financieros, contables, gestores, gente muy muy buena pero tambi\u00e9n con gente realmente horrible (con toda la connotaci\u00f3n de esa palabra) he pasado m\u00e1s de 20 a\u00f1os y he ido, inquietamente, a veces con asombro (y tambi\u00e9n estupor) conociendo el mundo financiero que, lo tengo que reconocer, algo de poso ha dejado en mi ser.<\/p>\n\n\n\n<p>Durante los \u00faltimos 5 a\u00f1os he tenido la oportunidad de convivir con distintas compa\u00f1\u00edas de distintos sectores, principalmente Pymes, definiendo y desplegando sistemas de gesti\u00f3n (de Calidad, Procesos, Medioamiental, Alimentario) lo cual me ha permitido complementar mi visi\u00f3n y experiencia profesional con otras realidades, a las ya conocidas.  &nbsp;<\/p>\n\n\n\n<p>Y recientemente, quiz\u00e1s por llegar a mi propia cima de la pir\u00e1mide de Maslow, y gracias a la revoluci\u00f3n de la Inteligencia Artificial estoy \u00abback to the basics\u00bb justo arreglando el estropicio y desperfectos que ha generado la excesiva exposici\u00f3n a lo \u00abfinanciero\u00bb (dej\u00e9moslo ah\u00ed). Y estoy entusiasmado!<\/p>\n\n\n\n<p>No os voy a aburrir con lo que se, con lo que no se, con mi experiencia: \u00bfPara qu\u00e9? Si alguien est\u00e1 interesado: en alg\u00fan lado creo que he dejado mi eMail y en alg\u00fan otro mi Instagram (muchos a\u00f1os sin uso), FaceBook (vac\u00edo), Twitter (lo mismo que Instagram) e incluso Tik-Tok (que lo estreno ya mismo).<\/p>\n<\/blockquote>\n\n\n\n<div class=\"wp-block-group\"><div class=\"wp-block-group__inner-container is-layout-constrained wp-block-group-is-layout-constrained\">\n<h3 class=\"wp-block-heading\"><strong>\u00bfY qu\u00e9 persigues?<\/strong><\/h3>\n\n\n\n<div class=\"wp-block-group\"><div class=\"wp-block-group__inner-container is-layout-constrained wp-block-group-is-layout-constrained\">\n<blockquote class=\"wp-block-quote is-layout-flow wp-block-quote-is-layout-flow\">\n<p><strong>ByteSharing: compartir a trav\u00e9s de los Bytes.<\/strong><\/p>\n<\/blockquote>\n\n\n\n<blockquote class=\"wp-block-quote is-layout-flow wp-block-quote-is-layout-flow\">\n<p>Quiero compartir todo lo que estoy experimentando con la IA (prompts, agentes, \u00e9xitos y fracasos) para que lo apliqu\u00e9is en vuestra vida, en vuestro trabajo, en vuestro negocio o en vuestro proyecto.<\/p>\n<\/blockquote>\n<\/div><\/div>\n<\/div><\/div>\n\n\n\n<blockquote class=\"wp-block-quote is-layout-flow wp-block-quote-is-layout-flow\">\n<p>Quiero compartir lo que he aprendido, como experiencia vital, laboral, y que puede ser de utilidad para cualquier persona.<\/p>\n<\/blockquote>\n\n\n\n<blockquote class=\"wp-block-quote is-layout-flow wp-block-quote-is-layout-flow\">\n<p>Quiero compartir lo que siento cuando d\u00eda tras d\u00eda oigo todo lo que dicen que Trump va a poner en marcha, viendo como la clave de su \u00e9xito (por que no nos olvidemos: Trump tiene \u00e9xito por que sabe hacer dinero) transita entre lo ilegal, lo intolerable y lo indecente.<\/p>\n<\/blockquote>\n\n\n\n<blockquote class=\"wp-block-quote is-layout-flow wp-block-quote-is-layout-flow\">\n<p>Quiero compartir la necesidad que todos juntos aunemos fuerzas para lanzar un grito m\u00e1s de ayuda a Gaza, una ayuda que ya no llega cuando se necesita y pedir al cielo que una anomal\u00eda transitoria deje la cabeza de Netanyahu en Stand by (sin dolor, no hay que dese\u00e1rselo a nadie por mucho que queramos) para que lo inhabiliten y su sucesor ya entienda que Israel tiene que dejar de matar inocentes por perseguir terroristas.<\/p>\n<\/blockquote>\n\n\n\n<blockquote class=\"wp-block-quote is-layout-flow wp-block-quote-is-layout-flow\">\n<p>Quiero compartir mi visi\u00f3n con los j\u00f3venes y explicarles la necesidad que aprendan a tener criterio, por que algunos hijos de puta Tik-tokers, You Tubers, Instagramers (influencers en general) se est\u00e1n apoderando gratuitamente de sus almas y cuando se den cuenta quiz\u00e1s habr\u00e1n malbaratado demasiado tiempo de su preciosa vida.<\/p>\n<\/blockquote>\n\n\n\n<blockquote class=\"wp-block-quote is-layout-flow wp-block-quote-is-layout-flow\">\n<p>Quiero compartiros, de tanto en tanto, alguna historia, alg\u00fan relato, alguna tonter\u00eda u ocurrencia que si os hace re\u00edr, os hace pensar o simplemente os distrae un poco de vuestras preocupaciones ya habr\u00e1 cumplido su prop\u00f3sito.<\/p>\n<\/blockquote>\n\n\n\n<blockquote class=\"wp-block-quote is-layout-flow wp-block-quote-is-layout-flow\">\n<p>Y ante todo, quiero daros las gracias por haber llegado hasta aqu\u00ed! Que no es f\u00e1cil!<\/p>\n<\/blockquote>\n\n\n\n<p><\/p>\n","protected":false},"excerpt":{"rendered":"<p>&nbsp; \u00bfQui\u00e9n est\u00e1 detr\u00e1s de todo esto? Tengo unos cuantos a\u00f1os ya (c\u00f3mo pod\u00e9is ver en mi imagen &#8211; por cierto, tomada este verano pero algo transformada con Inteligencia Artificial).&nbsp;&hellip;<\/p>\n","protected":false},"author":1,"featured_media":148,"parent":0,"menu_order":0,"comment_status":"closed","ping_status":"open","template":"","meta":{"footnotes":""},"class_list":["post-2","page","type-page","status-publish","has-post-thumbnail","hentry"],"_links":{"self":[{"href":"https:\/\/bytesharing.com\/index.php?rest_route=\/wp\/v2\/pages\/2","targetHints":{"allow":["GET"]}}],"collection":[{"href":"https:\/\/bytesharing.com\/index.php?rest_route=\/wp\/v2\/pages"}],"about":[{"href":"https:\/\/bytesharing.com\/index.php?rest_route=\/wp\/v2\/types\/page"}],"author":[{"embeddable":true,"href":"https:\/\/bytesharing.com\/index.php?rest_route=\/wp\/v2\/users\/1"}],"replies":[{"embeddable":true,"href":"https:\/\/bytesharing.com\/index.php?rest_route=%2Fwp%2Fv2%2Fcomments&post=2"}],"version-history":[{"count":33,"href":"https:\/\/bytesharing.com\/index.php?rest_route=\/wp\/v2\/pages\/2\/revisions"}],"predecessor-version":[{"id":332,"href":"https:\/\/bytesharing.com\/index.php?rest_route=\/wp\/v2\/pages\/2\/revisions\/332"}],"wp:featuredmedia":[{"embeddable":true,"href":"https:\/\/bytesharing.com\/index.php?rest_route=\/wp\/v2\/media\/148"}],"wp:attachment":[{"href":"https:\/\/bytesharing.com\/index.php?rest_route=%2Fwp%2Fv2%2Fmedia&parent=2"}],"curies":[{"name":"wp","href":"https:\/\/api.w.org\/{rel}","templated":true}]}}